{"id":440,"date":"2025-05-05T20:31:45","date_gmt":"2025-05-05T20:31:45","guid":{"rendered":"https:\/\/unikanatural.co\/?post_type=product&#038;p=440"},"modified":"2025-06-25T14:29:43","modified_gmt":"2025-06-25T14:29:43","slug":"oleo-de-cejas-y-pestanas-x-30-ml-fortalecedor","status":"publish","type":"product","link":"https:\/\/unikanatural.co\/?product=oleo-de-cejas-y-pestanas-x-30-ml-fortalecedor","title":{"rendered":"Oleo de Cejas y Pesta\u00f1as x 30 ml Fortalecedor"},"content":{"rendered":"<p><span style=\"font-weight: 400;\">Fortalece, estimula y embellece tus cejas y pesta\u00f1as de forma natural con nuestro \u00d3leo Nutritivo, una mezcla poderosa de m\u00e1s de 6 oleos\u00a0 vegetales como ricino, arg\u00e1n, jojoba, coco, almendra y vitamina E. Esta f\u00f3rmula concentrada nutre desde la ra\u00edz, ayudando a fortalecer el vello, estimular el crecimiento y prevenir la ca\u00edda, logrando unas cejas m\u00e1s definidas y pesta\u00f1as m\u00e1s largas, densas y saludables.<\/span><span style=\"font-weight: 400;\">\u00a0<\/span><\/p>\n<p>&nbsp;<\/p>\n<p>&nbsp;<\/p>\n<details>\n<summary><strong>Beneficios<\/strong><\/summary>\n<ul>\n<li>Estimula el crecimiento natural del vello.<\/li>\n<li>Fortalece y evita la ca\u00edda de cejas y pesta\u00f1as.<\/li>\n<li>Aporta brillo, suavidad y nutrici\u00f3n profunda.<\/li>\n<li>F\u00f3rmula 100% natural, libre de qu\u00edmicos agresivos.<\/li>\n<\/ul>\n<\/details>\n<details>\n<summary><strong>Ingredientes<\/strong><\/summary>\n<ul>\n<li>Aceite de Arg\u00e1n<\/li>\n<li>Aceite de Ricino<\/li>\n<li>Aceite de Jojoba<\/li>\n<li>Vitaminas<\/li>\n<\/ul>\n<\/details>\n<details>\n<summary><strong>Modo de uso<\/strong><\/summary>\n<p>Aplicar por la noche con un aplicador sobre cejas y pesta\u00f1as limpias, con movimientos suaves. Usar diariamente para mejores resultados.<\/p>\n<\/details>\n","protected":false},"excerpt":{"rendered":"<p>Fortalece, estimula y embellece tus cejas y pesta\u00f1as de forma natural con nuestro \u00d3leo Nutritivo, una mezcla poderosa de m\u00e1s [&hellip;]<\/p>\n","protected":false},"featured_media":0,"comment_status":"open","ping_status":"closed","template":"","meta":{"site-sidebar-layout":"default","site-content-layout":"","ast-site-content-layout":"default","site-content-style":"default","site-sidebar-style":"default","ast-global-header-display":"","ast-banner-title-visibility":"","ast-main-header-display":"","ast-hfb-above-header-display":"","ast-hfb-below-header-display":"","ast-hfb-mobile-header-display":"","site-post-title":"","ast-breadcrumbs-content":"","ast-featured-img":"","footer-sml-layout":"","theme-transparent-header-meta":"default","adv-header-id-meta":"","stick-header-meta":"","header-above-stick-meta":"","header-main-stick-meta":"","header-below-stick-meta":"","astra-migrate-meta-layouts":"set","ast-page-background-enabled":"default","ast-page-background-meta":{"desktop":{"background-color":"var(--ast-global-color-5)","background-image":"","background-repeat":"repeat","background-position":"center center","background-size":"auto","background-attachment":"scroll","background-type":"","background-media":"","overlay-type":"","overlay-color":"","overlay-opacity":"","overlay-gradient":""},"tablet":{"background-color":"","background-image":"","background-repeat":"repeat","background-position":"center center","background-size":"auto","background-attachment":"scroll","background-type":"","background-media":"","overlay-type":"","overlay-color":"","overlay-opacity":"","overlay-gradient":""},"mobile":{"background-color":"","background-image":"","background-repeat":"repeat","background-position":"center center","background-size":"auto","background-attachment":"scroll","background-type":"","background-media":"","overlay-type":"","overlay-color":"","overlay-opacity":"","overlay-gradient":""}},"ast-content-background-meta":{"desktop":{"background-color":"var(--ast-global-color-4)","background-image":"","background-repeat":"repeat","background-position":"center center","background-size":"auto","background-attachment":"scroll","background-type":"","background-media":"","overlay-type":"","overlay-color":"","overlay-opacity":"","overlay-gradient":""},"tablet":{"background-color":"var(--ast-global-color-4)","background-image":"","background-repeat":"repeat","background-position":"center center","background-size":"auto","background-attachment":"scroll","background-type":"","background-media":"","overlay-type":"","overlay-color":"","overlay-opacity":"","overlay-gradient":""},"mobile":{"background-color":"var(--ast-global-color-4)","background-image":"","background-repeat":"repeat","background-position":"center center","background-size":"auto","background-attachment":"scroll","background-type":"","background-media":"","overlay-type":"","overlay-color":"","overlay-opacity":"","overlay-gradient":""}},"_joinchat":[]},"product_brand":[],"product_cat":[21],"product_tag":[],"class_list":{"0":"post-440","1":"product","2":"type-product","3":"status-publish","5":"product_cat-facial","6":"desktop-align-left","7":"tablet-align-left","8":"mobile-align-left","10":"first","11":"instock","12":"shipping-taxable","13":"purchasable","14":"product-type-simple"},"_links":{"self":[{"href":"https:\/\/unikanatural.co\/index.php?rest_route=\/wp\/v2\/product\/440","targetHints":{"allow":["GET"]}}],"collection":[{"href":"https:\/\/unikanatural.co\/index.php?rest_route=\/wp\/v2\/product"}],"about":[{"href":"https:\/\/unikanatural.co\/index.php?rest_route=\/wp\/v2\/types\/product"}],"replies":[{"embeddable":true,"href":"https:\/\/unikanatural.co\/index.php?rest_route=%2Fwp%2Fv2%2Fcomments&post=440"}],"wp:attachment":[{"href":"https:\/\/unikanatural.co\/index.php?rest_route=%2Fwp%2Fv2%2Fmedia&parent=440"}],"wp:term":[{"taxonomy":"product_brand","embeddable":true,"href":"https:\/\/unikanatural.co\/index.php?rest_route=%2Fwp%2Fv2%2Fproduct_brand&post=440"},{"taxonomy":"product_cat","embeddable":true,"href":"https:\/\/unikanatural.co\/index.php?rest_route=%2Fwp%2Fv2%2Fproduct_cat&post=440"},{"taxonomy":"product_tag","embeddable":true,"href":"https:\/\/unikanatural.co\/index.php?rest_route=%2Fwp%2Fv2%2Fproduct_tag&post=440"}],"curies":[{"name":"wp","href":"https:\/\/api.w.org\/{rel}","templated":true}]}}