{"id":431,"date":"2025-05-05T19:29:21","date_gmt":"2025-05-05T19:29:21","guid":{"rendered":"https:\/\/unikanatural.co\/?post_type=product&#038;p=431"},"modified":"2025-06-25T14:35:09","modified_gmt":"2025-06-25T14:35:09","slug":"arbol-de-te-antiseptico-sebo-regulador-y-antimicrobiano","status":"publish","type":"product","link":"https:\/\/unikanatural.co\/?product=arbol-de-te-antiseptico-sebo-regulador-y-antimicrobiano","title":{"rendered":"\u00c1rbol de te  Antis\u00e9ptico, Sebo regulador y Antimicrobiano"},"content":{"rendered":"<p><b>Tratamiento Natural para el Acn\u00e9<\/b><\/p>\n<p><span style=\"font-weight: 400;\">Elimina impurezas y cuida tu piel con nuestro Aceite Esencial de \u00c1rbol de T\u00e9 100% puro, ideal para tratar el acn\u00e9 de forma natural y efectiva. Con potentes propiedades antibacterianas y antiinflamatorias, este aceite ayuda a secar granitos, desinfectar los poros y reducir el enrojecimiento, sin da\u00f1ar ni resecar la piel. Su acci\u00f3n purificante lo convierte en un aliado esencial para mantener una piel limpia, equilibrada y libre de imperfecciones.<\/span><\/p>\n<p><span style=\"font-weight: 400;\">Especial para tratar imperfecciones de la piel, controlar el exceso de grasa y calmar irritaciones. Es efectivo en pieles con tendencia al acn\u00e9, ya que ayuda a desinfectar los poros, reducir brotes y promover una piel m\u00e1s limpia y equilibrada.<\/span><\/p>\n<p><b>\u274c<\/b><b> Sin Parabenos<\/b><\/p>\n<p><b>\u274c<\/b><b> Sin Colorantes<\/b><\/p>\n<p><b>\u274c<\/b><b> Sin Alcohol\u00a0<\/b><\/p>\n<details>\n<summary><strong>Beneficios<\/strong><\/summary>\n<ul>\n<li>Combate bacterias causantes del acn\u00e9.<\/li>\n<li>Reduce granitos, inflamaci\u00f3n y rojeces.<\/li>\n<li>Seca granitos de un d\u00eda para otro.<\/li>\n<li>Controla el exceso de grasa en la piel.<\/li>\n<li>Ideal para piel mixta, grasa o con tendencia acneica.<\/li>\n<\/ul>\n<\/details>\n<details>\n<summary><strong>Ingredientes<\/strong><\/summary>\n<ul>\n<li>Extracto de \u00c1rbol de T\u00e9 Puro<\/li>\n<\/ul>\n<\/details>\n<details>\n<summary><strong>Modo de uso<\/strong><\/summary>\n<p>Aplicar solo de noche sobre la piel limpia, una gota en el granito con un hisopo. Puedes utilizarlo en el rostro, espalda, pecho o donde quieras eliminar el acn\u00e9.<\/p>\n<p>Dejar actuar toda la noche y al d\u00eda siguiente retirar con abundante agua. Recuerda utilizar bloqueador solar.<\/p>\n<\/details>\n","protected":false},"excerpt":{"rendered":"<p>Tratamiento Natural para el Acn\u00e9 Elimina impurezas y cuida tu piel con nuestro Aceite Esencial de \u00c1rbol de T\u00e9 100% [&hellip;]<\/p>\n","protected":false},"featured_media":465,"comment_status":"open","ping_status":"closed","template":"","meta":{"site-sidebar-layout":"default","site-content-layout":"","ast-site-content-layout":"default","site-content-style":"default","site-sidebar-style":"default","ast-global-header-display":"","ast-banner-title-visibility":"","ast-main-header-display":"","ast-hfb-above-header-display":"","ast-hfb-below-header-display":"","ast-hfb-mobile-header-display":"","site-post-title":"","ast-breadcrumbs-content":"","ast-featured-img":"","footer-sml-layout":"","theme-transparent-header-meta":"default","adv-header-id-meta":"","stick-header-meta":"","header-above-stick-meta":"","header-main-stick-meta":"","header-below-stick-meta":"","astra-migrate-meta-layouts":"set","ast-page-background-enabled":"default","ast-page-background-meta":{"desktop":{"background-color":"var(--ast-global-color-5)","background-image":"","background-repeat":"repeat","background-position":"center center","background-size":"auto","background-attachment":"scroll","background-type":"","background-media":"","overlay-type":"","overlay-color":"","overlay-opacity":"","overlay-gradient":""},"tablet":{"background-color":"","background-image":"","background-repeat":"repeat","background-position":"center center","background-size":"auto","background-attachment":"scroll","background-type":"","background-media":"","overlay-type":"","overlay-color":"","overlay-opacity":"","overlay-gradient":""},"mobile":{"background-color":"","background-image":"","background-repeat":"repeat","background-position":"center center","background-size":"auto","background-attachment":"scroll","background-type":"","background-media":"","overlay-type":"","overlay-color":"","overlay-opacity":"","overlay-gradient":""}},"ast-content-background-meta":{"desktop":{"background-color":"var(--ast-global-color-4)","background-image":"","background-repeat":"repeat","background-position":"center center","background-size":"auto","background-attachment":"scroll","background-type":"","background-media":"","overlay-type":"","overlay-color":"","overlay-opacity":"","overlay-gradient":""},"tablet":{"background-color":"var(--ast-global-color-4)","background-image":"","background-repeat":"repeat","background-position":"center center","background-size":"auto","background-attachment":"scroll","background-type":"","background-media":"","overlay-type":"","overlay-color":"","overlay-opacity":"","overlay-gradient":""},"mobile":{"background-color":"var(--ast-global-color-4)","background-image":"","background-repeat":"repeat","background-position":"center center","background-size":"auto","background-attachment":"scroll","background-type":"","background-media":"","overlay-type":"","overlay-color":"","overlay-opacity":"","overlay-gradient":""}},"_joinchat":[]},"product_brand":[],"product_cat":[21],"product_tag":[],"class_list":{"0":"post-431","1":"product","2":"type-product","3":"status-publish","4":"has-post-thumbnail","6":"product_cat-facial","7":"desktop-align-left","8":"tablet-align-left","9":"mobile-align-left","11":"first","12":"instock","13":"shipping-taxable","14":"purchasable","15":"product-type-variable"},"_links":{"self":[{"href":"https:\/\/unikanatural.co\/index.php?rest_route=\/wp\/v2\/product\/431","targetHints":{"allow":["GET"]}}],"collection":[{"href":"https:\/\/unikanatural.co\/index.php?rest_route=\/wp\/v2\/product"}],"about":[{"href":"https:\/\/unikanatural.co\/index.php?rest_route=\/wp\/v2\/types\/product"}],"replies":[{"embeddable":true,"href":"https:\/\/unikanatural.co\/index.php?rest_route=%2Fwp%2Fv2%2Fcomments&post=431"}],"wp:featuredmedia":[{"embeddable":true,"href":"https:\/\/unikanatural.co\/index.php?rest_route=\/wp\/v2\/media\/465"}],"wp:attachment":[{"href":"https:\/\/unikanatural.co\/index.php?rest_route=%2Fwp%2Fv2%2Fmedia&parent=431"}],"wp:term":[{"taxonomy":"product_brand","embeddable":true,"href":"https:\/\/unikanatural.co\/index.php?rest_route=%2Fwp%2Fv2%2Fproduct_brand&post=431"},{"taxonomy":"product_cat","embeddable":true,"href":"https:\/\/unikanatural.co\/index.php?rest_route=%2Fwp%2Fv2%2Fproduct_cat&post=431"},{"taxonomy":"product_tag","embeddable":true,"href":"https:\/\/unikanatural.co\/index.php?rest_route=%2Fwp%2Fv2%2Fproduct_tag&post=431"}],"curies":[{"name":"wp","href":"https:\/\/api.w.org\/{rel}","templated":true}]}}