{"id":419,"date":"2025-05-05T18:39:47","date_gmt":"2025-05-05T18:39:47","guid":{"rendered":"https:\/\/unikanatural.co\/?post_type=product&#038;p=419"},"modified":"2025-06-25T14:47:36","modified_gmt":"2025-06-25T14:47:36","slug":"shampoo-herbal-x-500-ml-anticaida-y-crecimiento-intensivo","status":"publish","type":"product","link":"https:\/\/unikanatural.co\/?product=shampoo-herbal-x-500-ml-anticaida-y-crecimiento-intensivo","title":{"rendered":"Shampoo Herbal x 500 ml Antica\u00edda y crecimiento intensivo"},"content":{"rendered":"<p><span style=\"font-weight: 400;\">Su formulaci\u00f3n es una bomba herbal dise\u00f1ado para fortalecer el cabello, controlar la grasa, reducir la ca\u00edda y promover el crecimiento, combinando un coctel de amino\u00e1cidos, romero, cola de callo, gu\u00e1simo en su interior contiene clavos de olor y canela que destilan sus propiedades en el shampoo. Brindando suavidad, hidrataci\u00f3n y limpieza, mejorando la elasticidad, resistencia y cuidado de la fibra capilar. Libre de sal y parabenos<\/span><\/p>\n<details>\n<summary><strong>Beneficios<\/strong><\/summary>\n<ul>\n<li>Acelera el crecimiento y previene la ca\u00edda del cabello.<\/li>\n<li>Limpia profundamente de residuos.<\/li>\n<li>Antioxidante que previene el envejecimiento capilar.<\/li>\n<li>Fortalece el cabello desde la ra\u00edz.<\/li>\n<li>Propiedades antimicrobianas: combate bacterias y hongos.<\/li>\n<li>Aporta brillo y suavidad.<\/li>\n<li>Mejora el aspecto general del cabello.<\/li>\n<\/ul>\n<\/details>\n<details>\n<summary><strong>Ingredientes<\/strong><\/summary>\n<ul>\n<li>Romero<\/li>\n<li>Cola de caballo<\/li>\n<li>Gu\u00e1simo<\/li>\n<li>Jengibre<\/li>\n<li>Trozos de canela y clavo de olor en su interior<\/li>\n<li>Complejo de amino\u00e1cidos<\/li>\n<\/ul>\n<\/details>\n<details>\n<summary><strong>Modo de uso<\/strong><\/summary>\n<p>Aplicar una cantidad generosa sobre el cuero cabelludo h\u00famedo haciendo suaves masajes. De ser posible, dejar actuar de 3 a 5 minutos. Enjuagar con abundante agua.<\/p>\n<p>Repetir el proceso si es necesario. Complete el cuidado con el acondicionador y repolarizador Unika Natural.<\/p>\n<\/details>\n","protected":false},"excerpt":{"rendered":"<p>Su formulaci\u00f3n es una bomba herbal dise\u00f1ado para fortalecer el cabello, controlar la grasa, reducir la ca\u00edda y promover el [&hellip;]<\/p>\n","protected":false},"featured_media":461,"comment_status":"open","ping_status":"closed","template":"","meta":{"site-sidebar-layout":"default","site-content-layout":"","ast-site-content-layout":"default","site-content-style":"default","site-sidebar-style":"default","ast-global-header-display":"","ast-banner-title-visibility":"","ast-main-header-display":"","ast-hfb-above-header-display":"","ast-hfb-below-header-display":"","ast-hfb-mobile-header-display":"","site-post-title":"","ast-breadcrumbs-content":"","ast-featured-img":"","footer-sml-layout":"","theme-transparent-header-meta":"default","adv-header-id-meta":"","stick-header-meta":"","header-above-stick-meta":"","header-main-stick-meta":"","header-below-stick-meta":"","astra-migrate-meta-layouts":"set","ast-page-background-enabled":"default","ast-page-background-meta":{"desktop":{"background-color":"var(--ast-global-color-5)","background-image":"","background-repeat":"repeat","background-position":"center center","background-size":"auto","background-attachment":"scroll","background-type":"","background-media":"","overlay-type":"","overlay-color":"","overlay-opacity":"","overlay-gradient":""},"tablet":{"background-color":"","background-image":"","background-repeat":"repeat","background-position":"center center","background-size":"auto","background-attachment":"scroll","background-type":"","background-media":"","overlay-type":"","overlay-color":"","overlay-opacity":"","overlay-gradient":""},"mobile":{"background-color":"","background-image":"","background-repeat":"repeat","background-position":"center center","background-size":"auto","background-attachment":"scroll","background-type":"","background-media":"","overlay-type":"","overlay-color":"","overlay-opacity":"","overlay-gradient":""}},"ast-content-background-meta":{"desktop":{"background-color":"var(--ast-global-color-4)","background-image":"","background-repeat":"repeat","background-position":"center center","background-size":"auto","background-attachment":"scroll","background-type":"","background-media":"","overlay-type":"","overlay-color":"","overlay-opacity":"","overlay-gradient":""},"tablet":{"background-color":"var(--ast-global-color-4)","background-image":"","background-repeat":"repeat","background-position":"center center","background-size":"auto","background-attachment":"scroll","background-type":"","background-media":"","overlay-type":"","overlay-color":"","overlay-opacity":"","overlay-gradient":""},"mobile":{"background-color":"var(--ast-global-color-4)","background-image":"","background-repeat":"repeat","background-position":"center center","background-size":"auto","background-attachment":"scroll","background-type":"","background-media":"","overlay-type":"","overlay-color":"","overlay-opacity":"","overlay-gradient":""}},"_joinchat":[]},"product_brand":[],"product_cat":[20],"product_tag":[],"class_list":{"0":"post-419","1":"product","2":"type-product","3":"status-publish","4":"has-post-thumbnail","6":"product_cat-capilar","7":"desktop-align-left","8":"tablet-align-left","9":"mobile-align-left","11":"first","12":"instock","13":"shipping-taxable","14":"purchasable","15":"product-type-simple"},"_links":{"self":[{"href":"https:\/\/unikanatural.co\/index.php?rest_route=\/wp\/v2\/product\/419","targetHints":{"allow":["GET"]}}],"collection":[{"href":"https:\/\/unikanatural.co\/index.php?rest_route=\/wp\/v2\/product"}],"about":[{"href":"https:\/\/unikanatural.co\/index.php?rest_route=\/wp\/v2\/types\/product"}],"replies":[{"embeddable":true,"href":"https:\/\/unikanatural.co\/index.php?rest_route=%2Fwp%2Fv2%2Fcomments&post=419"}],"wp:featuredmedia":[{"embeddable":true,"href":"https:\/\/unikanatural.co\/index.php?rest_route=\/wp\/v2\/media\/461"}],"wp:attachment":[{"href":"https:\/\/unikanatural.co\/index.php?rest_route=%2Fwp%2Fv2%2Fmedia&parent=419"}],"wp:term":[{"taxonomy":"product_brand","embeddable":true,"href":"https:\/\/unikanatural.co\/index.php?rest_route=%2Fwp%2Fv2%2Fproduct_brand&post=419"},{"taxonomy":"product_cat","embeddable":true,"href":"https:\/\/unikanatural.co\/index.php?rest_route=%2Fwp%2Fv2%2Fproduct_cat&post=419"},{"taxonomy":"product_tag","embeddable":true,"href":"https:\/\/unikanatural.co\/index.php?rest_route=%2Fwp%2Fv2%2Fproduct_tag&post=419"}],"curies":[{"name":"wp","href":"https:\/\/api.w.org\/{rel}","templated":true}]}}