{"id":6,"date":"2025-04-24T18:32:35","date_gmt":"2025-04-24T18:32:35","guid":{"rendered":"https:\/\/unikanatural.co\/?page_id=6"},"modified":"2025-05-05T21:04:51","modified_gmt":"2025-05-05T21:04:51","slug":"carrito","status":"publish","type":"page","link":"https:\/\/unikanatural.co\/?page_id=6","title":{"rendered":"Carrito"},"content":{"rendered":"<div data-block-name=\"woocommerce\/cart\" class=\"wp-block-woocommerce-cart alignwide is-loading\"><div data-block-name=\"woocommerce\/filled-cart-block\" class=\"wp-block-woocommerce-filled-cart-block\"><div data-block-name=\"woocommerce\/cart-items-block\" class=\"wp-block-woocommerce-cart-items-block\"><div data-block-name=\"woocommerce\/cart-line-items-block\" class=\"wp-block-woocommerce-cart-line-items-block\"><\/div>\n\n<div data-block-name=\"woocommerce\/cart-cross-sells-block\" class=\"wp-block-woocommerce-cart-cross-sells-block\"><h2 class=\"wp-block-heading has-large-font-size\">Puede que te interese\u2026<\/h2>\n\n<div data-block-name=\"woocommerce\/cart-cross-sells-products-block\" class=\"wp-block-woocommerce-cart-cross-sells-products-block\"><\/div><\/div><\/div>\n\n<div data-block-name=\"woocommerce\/cart-totals-block\" class=\"wp-block-woocommerce-cart-totals-block\"><div data-block-name=\"woocommerce\/cart-order-summary-block\" class=\"wp-block-woocommerce-cart-order-summary-block\"><div data-block-name=\"woocommerce\/cart-order-summary-heading-block\" class=\"wp-block-woocommerce-cart-order-summary-heading-block\"><\/div><div data-block-name=\"woocommerce\/cart-order-summary-coupon-form-block\" class=\"wp-block-woocommerce-cart-order-summary-coupon-form-block\"><\/div><div data-block-name=\"woocommerce\/cart-order-summary-totals-block\" class=\"wp-block-woocommerce-cart-order-summary-totals-block\">\n<div data-block-name=\"woocommerce\/cart-order-summary-subtotal-block\" class=\"wp-block-woocommerce-cart-order-summary-subtotal-block\"><\/div>\n<div data-block-name=\"woocommerce\/cart-order-summary-discount-block\" class=\"wp-block-woocommerce-cart-order-summary-discount-block\"><\/div>\n<div data-block-name=\"woocommerce\/cart-order-summary-fee-block\" class=\"wp-block-woocommerce-cart-order-summary-fee-block\"><\/div>\n<div data-block-name=\"woocommerce\/cart-order-summary-shipping-block\" class=\"wp-block-woocommerce-cart-order-summary-shipping-block\"><\/div>\n<div data-block-name=\"woocommerce\/cart-order-summary-taxes-block\" class=\"wp-block-woocommerce-cart-order-summary-taxes-block\"><\/div><\/div><\/div>\n\n<div data-block-name=\"woocommerce\/cart-express-payment-block\" class=\"wp-block-woocommerce-cart-express-payment-block\"><\/div>\n\n<div data-block-name=\"woocommerce\/proceed-to-checkout-block\" class=\"wp-block-woocommerce-proceed-to-checkout-block\"><\/div>\n\n<div data-block-name=\"woocommerce\/cart-accepted-payment-methods-block\" class=\"wp-block-woocommerce-cart-accepted-payment-methods-block\"><\/div><\/div><\/div>\n\n<div data-block-name=\"woocommerce\/empty-cart-block\" class=\"wp-block-woocommerce-empty-cart-block\"><h2 class=\"wp-block-heading has-text-align-center with-empty-cart-icon wc-block-cart__empty-cart__title\">\u00a1Tu carrito est\u00e1 actualmente vac\u00edo!<\/h2>\n\n<hr class=\"wp-block-separator has-alpha-channel-opacity is-style-dots\"\/>\n\n<h2 class=\"wp-block-heading has-text-align-center\">Nuevo en la tienda<\/h2>\n\n<div data-block-name=\"woocommerce\/product-new\" data-columns=\"4\" data-rows=\"1\" class=\"wc-block-grid wp-block-product-new wp-block-woocommerce-product-new wc-block-product-new has-4-columns\"><ul class=\"wc-block-grid__products\"><li class=\"wc-block-grid__product\">\n\t\t\t\t<a href=\"https:\/\/unikanatural.co\/?product=jabon-corporal-de-cafe-120-ml-exfoliante-2\" class=\"wc-block-grid__product-link\">\n\t\t\t\t\t\n\t\t\t\t\t<div class=\"wc-block-grid__product-image\"><img fetchpriority=\"high\" decoding=\"async\" width=\"300\" height=\"227\" src=\"https:\/\/unikanatural.co\/wp-content\/uploads\/2025\/05\/Imagen-de-WhatsApp-2025-05-07-a-las-09.22.16_2c919176-300x227.jpg\" class=\"attachment-woocommerce_thumbnail size-woocommerce_thumbnail\" alt=\"Jab\u00f3n Corporal de Caf\u00e9 120 ml Exfoliante\" srcset=\"https:\/\/unikanatural.co\/wp-content\/uploads\/2025\/05\/Imagen-de-WhatsApp-2025-05-07-a-las-09.22.16_2c919176-300x227.jpg 300w, https:\/\/unikanatural.co\/wp-content\/uploads\/2025\/05\/Imagen-de-WhatsApp-2025-05-07-a-las-09.22.16_2c919176-600x453.jpg 600w, https:\/\/unikanatural.co\/wp-content\/uploads\/2025\/05\/Imagen-de-WhatsApp-2025-05-07-a-las-09.22.16_2c919176-1024x774.jpg 1024w, https:\/\/unikanatural.co\/wp-content\/uploads\/2025\/05\/Imagen-de-WhatsApp-2025-05-07-a-las-09.22.16_2c919176-768x580.jpg 768w, https:\/\/unikanatural.co\/wp-content\/uploads\/2025\/05\/Imagen-de-WhatsApp-2025-05-07-a-las-09.22.16_2c919176.jpg 1067w\" sizes=\"(max-width: 300px) 100vw, 300px\" \/><\/div>\n\t\t\t\t\t<div class=\"wc-block-grid__product-title\">Jab\u00f3n Corporal de Caf\u00e9 120 ml Exfoliante<\/div>\n\t\t\t\t<\/a>\n\t\t\t\t<div class=\"wc-block-grid__product-price price\"><span class=\"woocommerce-Price-amount amount\"><span class=\"woocommerce-Price-currencySymbol\">&#036;<\/span>&nbsp;16.000<\/span><\/div>\n\t\t\t\t\n\t\t\t\t<div class=\"wp-block-button wc-block-grid__product-add-to-cart\"><a href=\"?add-to-cart=489\" aria-label=\"A\u00f1adir al carrito: &ldquo;Jab\u00f3n Corporal de Caf\u00e9 120 ml Exfoliante&rdquo;\" data-quantity=\"1\" data-product_id=\"489\" data-product_sku=\"\" data-price=\"16000\" rel=\"nofollow\" class=\"wp-block-button__link  add_to_cart_button ajax_add_to_cart\">A\u00f1adir al carrito<\/a><\/div>\n\t\t\t<\/li><li class=\"wc-block-grid__product\">\n\t\t\t\t<a href=\"https:\/\/unikanatural.co\/?product=jabon-corporal-de-cafe-120-ml-exfoliante\" class=\"wc-block-grid__product-link\">\n\t\t\t\t\t\n\t\t\t\t\t<div class=\"wc-block-grid__product-image\"><img decoding=\"async\" width=\"300\" height=\"300\" src=\"https:\/\/unikanatural.co\/wp-content\/uploads\/woocommerce-placeholder-300x300.png\" class=\"woocommerce-placeholder wp-post-image\" alt=\"\" srcset=\"https:\/\/unikanatural.co\/wp-content\/uploads\/woocommerce-placeholder-300x300.png 300w, https:\/\/unikanatural.co\/wp-content\/uploads\/woocommerce-placeholder-100x100.png 100w, https:\/\/unikanatural.co\/wp-content\/uploads\/woocommerce-placeholder-600x600.png 600w, https:\/\/unikanatural.co\/wp-content\/uploads\/woocommerce-placeholder-1024x1024.png 1024w, https:\/\/unikanatural.co\/wp-content\/uploads\/woocommerce-placeholder-150x150.png 150w, https:\/\/unikanatural.co\/wp-content\/uploads\/woocommerce-placeholder-768x768.png 768w, https:\/\/unikanatural.co\/wp-content\/uploads\/woocommerce-placeholder.png 1200w\" sizes=\"(max-width: 300px) 100vw, 300px\" \/><\/div>\n\t\t\t\t\t<div class=\"wc-block-grid__product-title\">Jab\u00f3n Corporal de Caf\u00e9 120 ml Exfoliante<\/div>\n\t\t\t\t<\/a>\n\t\t\t\t<div class=\"wc-block-grid__product-price price\"><span class=\"woocommerce-Price-amount amount\"><span class=\"woocommerce-Price-currencySymbol\">&#036;<\/span>&nbsp;16.000<\/span><\/div>\n\t\t\t\t\n\t\t\t\t<div class=\"wp-block-button wc-block-grid__product-add-to-cart\"><a href=\"?add-to-cart=441\" aria-label=\"A\u00f1adir al carrito: &ldquo;Jab\u00f3n Corporal de Caf\u00e9 120 ml Exfoliante&rdquo;\" data-quantity=\"1\" data-product_id=\"441\" data-product_sku=\"\" data-price=\"16000\" rel=\"nofollow\" class=\"wp-block-button__link  add_to_cart_button ajax_add_to_cart\">A\u00f1adir al carrito<\/a><\/div>\n\t\t\t<\/li><li class=\"wc-block-grid__product\">\n\t\t\t\t<a href=\"https:\/\/unikanatural.co\/?product=oleo-de-cejas-y-pestanas-x-30-ml-fortalecedor\" class=\"wc-block-grid__product-link\">\n\t\t\t\t\t\n\t\t\t\t\t<div class=\"wc-block-grid__product-image\"><img decoding=\"async\" width=\"300\" height=\"300\" src=\"https:\/\/unikanatural.co\/wp-content\/uploads\/woocommerce-placeholder-300x300.png\" class=\"woocommerce-placeholder wp-post-image\" alt=\"\" srcset=\"https:\/\/unikanatural.co\/wp-content\/uploads\/woocommerce-placeholder-300x300.png 300w, https:\/\/unikanatural.co\/wp-content\/uploads\/woocommerce-placeholder-100x100.png 100w, https:\/\/unikanatural.co\/wp-content\/uploads\/woocommerce-placeholder-600x600.png 600w, https:\/\/unikanatural.co\/wp-content\/uploads\/woocommerce-placeholder-1024x1024.png 1024w, https:\/\/unikanatural.co\/wp-content\/uploads\/woocommerce-placeholder-150x150.png 150w, https:\/\/unikanatural.co\/wp-content\/uploads\/woocommerce-placeholder-768x768.png 768w, https:\/\/unikanatural.co\/wp-content\/uploads\/woocommerce-placeholder.png 1200w\" sizes=\"(max-width: 300px) 100vw, 300px\" \/><\/div>\n\t\t\t\t\t<div class=\"wc-block-grid__product-title\">Oleo de Cejas y Pesta\u00f1as x 30 ml Fortalecedor<\/div>\n\t\t\t\t<\/a>\n\t\t\t\t<div class=\"wc-block-grid__product-price price\"><span class=\"woocommerce-Price-amount amount\"><span class=\"woocommerce-Price-currencySymbol\">&#036;<\/span>&nbsp;28.000<\/span><\/div>\n\t\t\t\t\n\t\t\t\t<div class=\"wp-block-button wc-block-grid__product-add-to-cart\"><a href=\"?add-to-cart=440\" aria-label=\"A\u00f1adir al carrito: &ldquo;Oleo de Cejas y Pesta\u00f1as x 30 ml Fortalecedor&rdquo;\" data-quantity=\"1\" data-product_id=\"440\" data-product_sku=\"\" data-price=\"28000\" rel=\"nofollow\" class=\"wp-block-button__link  add_to_cart_button ajax_add_to_cart\">A\u00f1adir al carrito<\/a><\/div>\n\t\t\t<\/li><li class=\"wc-block-grid__product\">\n\t\t\t\t<a href=\"https:\/\/unikanatural.co\/?product=mascarilla-detox-purifica-equilibra-y-revitaliza\" class=\"wc-block-grid__product-link\">\n\t\t\t\t\t\n\t\t\t\t\t<div class=\"wc-block-grid__product-image\"><img decoding=\"async\" width=\"300\" height=\"300\" src=\"https:\/\/unikanatural.co\/wp-content\/uploads\/woocommerce-placeholder-300x300.png\" class=\"woocommerce-placeholder wp-post-image\" alt=\"\" srcset=\"https:\/\/unikanatural.co\/wp-content\/uploads\/woocommerce-placeholder-300x300.png 300w, https:\/\/unikanatural.co\/wp-content\/uploads\/woocommerce-placeholder-100x100.png 100w, https:\/\/unikanatural.co\/wp-content\/uploads\/woocommerce-placeholder-600x600.png 600w, https:\/\/unikanatural.co\/wp-content\/uploads\/woocommerce-placeholder-1024x1024.png 1024w, https:\/\/unikanatural.co\/wp-content\/uploads\/woocommerce-placeholder-150x150.png 150w, https:\/\/unikanatural.co\/wp-content\/uploads\/woocommerce-placeholder-768x768.png 768w, https:\/\/unikanatural.co\/wp-content\/uploads\/woocommerce-placeholder.png 1200w\" sizes=\"(max-width: 300px) 100vw, 300px\" \/><\/div>\n\t\t\t\t\t<div class=\"wc-block-grid__product-title\">Mascarilla D\u00e9tox  Purifica, Equilibra y Revitaliza<\/div>\n\t\t\t\t<\/a>\n\t\t\t\t<div class=\"wc-block-grid__product-price price\"><span class=\"woocommerce-Price-amount amount\"><span class=\"woocommerce-Price-currencySymbol\">&#036;<\/span>&nbsp;11.000<\/span> &ndash; <span class=\"woocommerce-Price-amount amount\"><span class=\"woocommerce-Price-currencySymbol\">&#036;<\/span>&nbsp;20.000<\/span><\/div>\n\t\t\t\t\n\t\t\t\t<div class=\"wp-block-button wc-block-grid__product-add-to-cart\"><a href=\"https:\/\/unikanatural.co\/?product=mascarilla-detox-purifica-equilibra-y-revitaliza\" aria-label=\"Elige las opciones para &ldquo;Mascarilla D\u00e9tox  Purifica, Equilibra y Revitaliza&rdquo;\" data-quantity=\"1\" data-product_id=\"437\" data-product_sku=\"\" data-price=\"11000\" rel=\"nofollow\" class=\"wp-block-button__link  add_to_cart_button\">Seleccionar opciones<\/a><\/div>\n\t\t\t<\/li><\/ul><\/div><\/div><\/div>","protected":false},"excerpt":{"rendered":"","protected":false},"author":1,"featured_media":0,"parent":0,"menu_order":0,"comment_status":"closed","ping_status":"closed","template":"","meta":{"site-sidebar-layout":"default","site-content-layout":"","ast-site-content-layout":"","site-content-style":"default","site-sidebar-style":"default","ast-global-header-display":"","ast-banner-title-visibility":"","ast-main-header-display":"","ast-hfb-above-header-display":"","ast-hfb-below-header-display":"","ast-hfb-mobile-header-display":"","site-post-title":"","ast-breadcrumbs-content":"","ast-featured-img":"","footer-sml-layout":"","theme-transparent-header-meta":"","adv-header-id-meta":"","stick-header-meta":"","header-above-stick-meta":"","header-main-stick-meta":"","header-below-stick-meta":"","astra-migrate-meta-layouts":"default","ast-page-background-enabled":"default","ast-page-background-meta":{"desktop":{"background-color":"var(--ast-global-color-5)","background-image":"","background-repeat":"repeat","background-position":"center center","background-size":"auto","background-attachment":"scroll","background-type":"","background-media":"","overlay-type":"","overlay-color":"","overlay-opacity":"","overlay-gradient":""},"tablet":{"background-color":"","background-image":"","background-repeat":"repeat","background-position":"center center","background-size":"auto","background-attachment":"scroll","background-type":"","background-media":"","overlay-type":"","overlay-color":"","overlay-opacity":"","overlay-gradient":""},"mobile":{"background-color":"","background-image":"","background-repeat":"repeat","background-position":"center center","background-size":"auto","background-attachment":"scroll","background-type":"","background-media":"","overlay-type":"","overlay-color":"","overlay-opacity":"","overlay-gradient":""}},"ast-content-background-meta":{"desktop":{"background-color":"var(--ast-global-color-4)","background-image":"","background-repeat":"repeat","background-position":"center center","background-size":"auto","background-attachment":"scroll","background-type":"","background-media":"","overlay-type":"","overlay-color":"","overlay-opacity":"","overlay-gradient":""},"tablet":{"background-color":"var(--ast-global-color-4)","background-image":"","background-repeat":"repeat","background-position":"center center","background-size":"auto","background-attachment":"scroll","background-type":"","background-media":"","overlay-type":"","overlay-color":"","overlay-opacity":"","overlay-gradient":""},"mobile":{"background-color":"var(--ast-global-color-4)","background-image":"","background-repeat":"repeat","background-position":"center center","background-size":"auto","background-attachment":"scroll","background-type":"","background-media":"","overlay-type":"","overlay-color":"","overlay-opacity":"","overlay-gradient":""}},"_joinchat":[],"footnotes":""},"class_list":["post-6","page","type-page","status-publish","hentry"],"_links":{"self":[{"href":"https:\/\/unikanatural.co\/index.php?rest_route=\/wp\/v2\/pages\/6","targetHints":{"allow":["GET"]}}],"collection":[{"href":"https:\/\/unikanatural.co\/index.php?rest_route=\/wp\/v2\/pages"}],"about":[{"href":"https:\/\/unikanatural.co\/index.php?rest_route=\/wp\/v2\/types\/page"}],"author":[{"embeddable":true,"href":"https:\/\/unikanatural.co\/index.php?rest_route=\/wp\/v2\/users\/1"}],"replies":[{"embeddable":true,"href":"https:\/\/unikanatural.co\/index.php?rest_route=%2Fwp%2Fv2%2Fcomments&post=6"}],"version-history":[{"count":1,"href":"https:\/\/unikanatural.co\/index.php?rest_route=\/wp\/v2\/pages\/6\/revisions"}],"predecessor-version":[{"id":182,"href":"https:\/\/unikanatural.co\/index.php?rest_route=\/wp\/v2\/pages\/6\/revisions\/182"}],"wp:attachment":[{"href":"https:\/\/unikanatural.co\/index.php?rest_route=%2Fwp%2Fv2%2Fmedia&parent=6"}],"curies":[{"name":"wp","href":"https:\/\/api.w.org\/{rel}","templated":true}]}}